{"id":347,"date":"2022-05-06T11:40:45","date_gmt":"2022-05-06T11:40:45","guid":{"rendered":"https:\/\/internationalweek.ipportalegre.pt\/2025\/?page_id=347"},"modified":"2024-04-23T07:41:15","modified_gmt":"2024-04-23T07:41:15","slug":"restaurant-suggestions","status":"publish","type":"page","link":"https:\/\/internationalweek.ipportalegre.pt\/2025\/useful-information\/restaurant-suggestions\/","title":{"rendered":"Restaurant suggestions"},"content":{"rendered":"\n<p>Around the Rossio roundabout area (for those coming by bus from Campus Polit\u00e9cnico \/ Escola Superior de Sa\u00fade e Escola Superior de Tecnologia e Gest\u00e3o)<\/p>\n\n\n\n<figure class=\"wp-block-image size-large\"><img loading=\"lazy\" decoding=\"async\" width=\"1002\" height=\"1024\" src=\"https:\/\/internationalweek.ipportalegre.pt\/2025\/wp-content\/uploads\/sites\/4\/2022\/05\/mapa_restaurantes_Rossio-1002x1024.png\" alt=\"\" class=\"wp-image-348\" srcset=\"https:\/\/internationalweek.ipportalegre.pt\/2025\/wp-content\/uploads\/sites\/4\/2022\/05\/mapa_restaurantes_Rossio-1002x1024.png 1002w, https:\/\/internationalweek.ipportalegre.pt\/2025\/wp-content\/uploads\/sites\/4\/2022\/05\/mapa_restaurantes_Rossio-294x300.png 294w, https:\/\/internationalweek.ipportalegre.pt\/2025\/wp-content\/uploads\/sites\/4\/2022\/05\/mapa_restaurantes_Rossio-768x785.png 768w, https:\/\/internationalweek.ipportalegre.pt\/2025\/wp-content\/uploads\/sites\/4\/2022\/05\/mapa_restaurantes_Rossio-1024x1047.png 1024w, https:\/\/internationalweek.ipportalegre.pt\/2025\/wp-content\/uploads\/sites\/4\/2022\/05\/mapa_restaurantes_Rossio-50x50.png 50w, https:\/\/internationalweek.ipportalegre.pt\/2025\/wp-content\/uploads\/sites\/4\/2022\/05\/mapa_restaurantes_Rossio.png 1269w\" sizes=\"auto, (max-width: 1002px) 100vw, 1002px\" \/><\/figure>\n\n\n\n<hr class=\"wp-block-separator has-css-opacity\"\/>\n\n\n\n<p>Around the Portalegre Polytechnic Central Services area  (for those coming from Escola Superior de Educa\u00e7\u00e3o e Ci\u00eancias Sociais and Servi\u00e7os Centrais)<\/p>\n\n\n\n<figure class=\"wp-block-image size-large\"><img loading=\"lazy\" decoding=\"async\" width=\"1024\" height=\"961\" src=\"https:\/\/internationalweek.ipportalegre.pt\/2025\/wp-content\/uploads\/sites\/4\/2022\/05\/mapa_restaurantes_IPP-1024x961.png\" alt=\"\" class=\"wp-image-349\" srcset=\"https:\/\/internationalweek.ipportalegre.pt\/2025\/wp-content\/uploads\/sites\/4\/2022\/05\/mapa_restaurantes_IPP-1024x961.png 1024w, https:\/\/internationalweek.ipportalegre.pt\/2025\/wp-content\/uploads\/sites\/4\/2022\/05\/mapa_restaurantes_IPP-300x281.png 300w, https:\/\/internationalweek.ipportalegre.pt\/2025\/wp-content\/uploads\/sites\/4\/2022\/05\/mapa_restaurantes_IPP-768x720.png 768w, https:\/\/internationalweek.ipportalegre.pt\/2025\/wp-content\/uploads\/sites\/4\/2022\/05\/mapa_restaurantes_IPP.png 1309w\" sizes=\"auto, (max-width: 1024px) 100vw, 1024px\" \/><\/figure>\n\n\n\n<hr class=\"wp-block-separator has-css-opacity\"\/>\n\n\n\n<p>Around the Escola Superior de Bioci\u00eancia de Elvas area<\/p>\n\n\n\n<figure class=\"wp-block-image size-full\"><img loading=\"lazy\" decoding=\"async\" width=\"932\" height=\"736\" src=\"https:\/\/internationalweek.ipportalegre.pt\/2025\/wp-content\/uploads\/sites\/4\/2024\/04\/restaurantes_elvas.png\" alt=\"\" class=\"wp-image-520\" srcset=\"https:\/\/internationalweek.ipportalegre.pt\/2025\/wp-content\/uploads\/sites\/4\/2024\/04\/restaurantes_elvas.png 932w, https:\/\/internationalweek.ipportalegre.pt\/2025\/wp-content\/uploads\/sites\/4\/2024\/04\/restaurantes_elvas-300x237.png 300w, https:\/\/internationalweek.ipportalegre.pt\/2025\/wp-content\/uploads\/sites\/4\/2024\/04\/restaurantes_elvas-768x606.png 768w\" sizes=\"auto, (max-width: 932px) 100vw, 932px\" \/><\/figure>\n\n\n\n<div style=\"height:100px\" aria-hidden=\"true\" class=\"wp-block-spacer\"><\/div>\n","protected":false},"excerpt":{"rendered":"<p>Around the Rossio roundabout area (for those coming by bus from Campus Polit\u00e9cnico \/ Escola<\/p>\n","protected":false},"author":1,"featured_media":0,"parent":21,"menu_order":4,"comment_status":"closed","ping_status":"closed","template":"","meta":{"inline_featured_image":false,"footnotes":""},"class_list":["post-347","page","type-page","status-publish","hentry"],"_links":{"self":[{"href":"https:\/\/internationalweek.ipportalegre.pt\/2025\/wp-json\/wp\/v2\/pages\/347","targetHints":{"allow":["GET"]}}],"collection":[{"href":"https:\/\/internationalweek.ipportalegre.pt\/2025\/wp-json\/wp\/v2\/pages"}],"about":[{"href":"https:\/\/internationalweek.ipportalegre.pt\/2025\/wp-json\/wp\/v2\/types\/page"}],"author":[{"embeddable":true,"href":"https:\/\/internationalweek.ipportalegre.pt\/2025\/wp-json\/wp\/v2\/users\/1"}],"replies":[{"embeddable":true,"href":"https:\/\/internationalweek.ipportalegre.pt\/2025\/wp-json\/wp\/v2\/comments?post=347"}],"version-history":[{"count":10,"href":"https:\/\/internationalweek.ipportalegre.pt\/2025\/wp-json\/wp\/v2\/pages\/347\/revisions"}],"predecessor-version":[{"id":521,"href":"https:\/\/internationalweek.ipportalegre.pt\/2025\/wp-json\/wp\/v2\/pages\/347\/revisions\/521"}],"up":[{"embeddable":true,"href":"https:\/\/internationalweek.ipportalegre.pt\/2025\/wp-json\/wp\/v2\/pages\/21"}],"wp:attachment":[{"href":"https:\/\/internationalweek.ipportalegre.pt\/2025\/wp-json\/wp\/v2\/media?parent=347"}],"curies":[{"name":"wp","href":"https:\/\/api.w.org\/{rel}","templated":true}]}}