{"id":27,"date":"2022-02-16T14:50:09","date_gmt":"2022-02-16T14:50:09","guid":{"rendered":"http:\/\/internationalweek.ipportalegre.pt\/2024\/?page_id=27"},"modified":"2024-04-02T09:20:33","modified_gmt":"2024-04-02T09:20:33","slug":"accommodation-suggestions","status":"publish","type":"page","link":"https:\/\/internationalweek.ipportalegre.pt\/2024\/useful-information\/accommodation-suggestions\/","title":{"rendered":"Accommodation suggestions"},"content":{"rendered":"\n<p>The region offers a wide variety of accommodation options, from hotels, to hostels, local accommodation units (self-catering), or Bed and Breakfast. Most of these are announced on booking websites, like booking.com.&nbsp;<\/p>\n\n\n\n<p style=\"font-size:30px\"><i class=\"fas fa-hotel\"><\/i><\/p>\n\n\n\n<p>For a greater proximity to the places where the International Week takes place, we suggest that you choose accommodation in:<\/p>\n\n\n\n<p><strong>Portalegre<\/strong><\/p>\n\n\n\n<p>Ammaia AL ***<br>Alojamentos Casa Facha Papaia ***<br>Casa do Arco Portalegre ***<br>Casa Dom Manoel ***<br>Casa do Doutor ***<br>Casa do P\u00e1tio ***<br>Dona Maria ***<br>Estalagem da Liberdade ***<br>Hotel Jos\u00e9 R\u00e9gio ****<br>Portalegre Palace ****<br>P\u00e1tio do Marqu\u00eas ***<br>Rossio Hotel ****<br>Solar das Avencas ***<br><\/p>\n\n\n\n<p><strong>Elvas<\/strong><\/p>\n\n\n\n<p>Vila Gale Collection Elvas ****<br>Hotel S\u00e3o Jo\u00e3o De Deus by RIDAN Hotels ****<br>Largo d Vizinha Bia ***<br>Hotel D. Lu\u00eds &#8211; Elvas ***<br>Casas de Alcamim ***<\/p>\n\n\n\n<p>Once you have booked your accommodation, please let us know. Also, please let us know if you need any help or recommendation.<\/p>\n\n\n\n<p style=\"font-size:30px\"><i class=\"fas fa-taxi\"><\/i><\/p>\n\n\n\n<p>We also inform you that there is no UBER service in Portalegre, so if you need a transportation service, you can request a taxi through the following numbers:&nbsp;<\/p>\n\n\n\n<p>Pra\u00e7a de T\u00e1xis do Rossio: 00351 245 202&nbsp;375<br>Pra\u00e7a de T\u00e1xis da Rua de Elvas:&nbsp;&nbsp;00351 245 201&nbsp;380<br>Pra\u00e7a de T\u00e1xis da Avenida da Liberdade: 00351 245&nbsp;404 694<br>Pra\u00e7a de T\u00e1xis da Avenida Movimento das For\u00e7as Armadas: 00351 245&nbsp;203 842<br>Pra\u00e7a de T\u00e1xis de Assentos: 00351 245&nbsp;208 668<\/p>\n","protected":false},"excerpt":{"rendered":"<p>The region offers a wide variety of accommodation options, from hotels, to hostels, local accommodation<\/p>\n","protected":false},"author":1,"featured_media":0,"parent":21,"menu_order":3,"comment_status":"closed","ping_status":"closed","template":"","meta":{"inline_featured_image":false,"footnotes":""},"class_list":["post-27","page","type-page","status-publish","hentry"],"_links":{"self":[{"href":"https:\/\/internationalweek.ipportalegre.pt\/2024\/wp-json\/wp\/v2\/pages\/27","targetHints":{"allow":["GET"]}}],"collection":[{"href":"https:\/\/internationalweek.ipportalegre.pt\/2024\/wp-json\/wp\/v2\/pages"}],"about":[{"href":"https:\/\/internationalweek.ipportalegre.pt\/2024\/wp-json\/wp\/v2\/types\/page"}],"author":[{"embeddable":true,"href":"https:\/\/internationalweek.ipportalegre.pt\/2024\/wp-json\/wp\/v2\/users\/1"}],"replies":[{"embeddable":true,"href":"https:\/\/internationalweek.ipportalegre.pt\/2024\/wp-json\/wp\/v2\/comments?post=27"}],"version-history":[{"count":7,"href":"https:\/\/internationalweek.ipportalegre.pt\/2024\/wp-json\/wp\/v2\/pages\/27\/revisions"}],"predecessor-version":[{"id":511,"href":"https:\/\/internationalweek.ipportalegre.pt\/2024\/wp-json\/wp\/v2\/pages\/27\/revisions\/511"}],"up":[{"embeddable":true,"href":"https:\/\/internationalweek.ipportalegre.pt\/2024\/wp-json\/wp\/v2\/pages\/21"}],"wp:attachment":[{"href":"https:\/\/internationalweek.ipportalegre.pt\/2024\/wp-json\/wp\/v2\/media?parent=27"}],"curies":[{"name":"wp","href":"https:\/\/api.w.org\/{rel}","templated":true}]}}