{"id":25,"date":"2022-02-16T14:49:53","date_gmt":"2022-02-16T14:49:53","guid":{"rendered":"http:\/\/internationalweek.ipportalegre.pt\/2024\/?page_id=25"},"modified":"2024-01-08T11:36:02","modified_gmt":"2024-01-08T11:36:02","slug":"transportation-from-lisbon-airport","status":"publish","type":"page","link":"https:\/\/internationalweek.ipportalegre.pt\/2024\/useful-information\/transportation-from-lisbon-airport\/","title":{"rendered":"Transportation from Lisbon airport"},"content":{"rendered":"\n<p style=\"font-size:30px\"><i class=\"fas fa-plane\"><\/i><\/p>\n\n\n\n<p>The most convenient airport is Lisbon International Airport.&nbsp;<\/p>\n\n\n\n<p>A complimentary pick-up service will be organized from the Airport in Lisbon to Portalegre and Elvas, at no charge for participants. The bus will leave the Airport\u00a0<strong>at 4 pm on Sunday<\/strong>, 5th May. Those participants who arrive earlier that day or before should be at the Airport, at the designated official\u00a0<strong>Meeting Point, Arrivals Hall<\/strong>, at that day and time. Those who arrive later should travel to any of the two cities on their own arrangements.\u00a0<strong>Please let us know about your travel arrangements as soon as you can<\/strong>.<\/p>\n\n\n\n<p>There is also the option of flying to the airports in Porto (300 km North from Portalegre\/Elvas) or Faro (300 km South from Portalegre\/Elvas), or even to Badajoz, in Spain, about 80 km from Portalegre and 20 km from Elvas, which connects to Madrid. In case you wish to use any of these airports, travelling to either Portalegre or Elvas would be more difficult.&nbsp;<\/p>\n\n\n\n<p><strong>Information about travelling options from Lisbon to Portalegre or Elvas for participants who are not able to use our pick-up service&nbsp;&nbsp;<\/strong><\/p>\n\n\n\n<p>Portalegre and Elvas can be reached from Lisboa by train, bus or car.<\/p>\n\n\n\n<p style=\"font-size:30px\"><i class=\"fas fa-subway\"><\/i><\/p>\n\n\n\n<p>Trains leave from Santa Apol\u00f3nia or from Oriente train stations in Lisboa and they usually require a change at Entroncamento.<\/p>\n\n\n\n<p>The underground (Metro) network in Lisbon (red line) connects the airport and other locations to both train stations. Oriente is very close to the airport and very easy to reach from there, as it is only two Metro stops away. There are also direct buses from nearby stops.<\/p>\n\n\n\n<p>The train station in Portalegre is located in the outskirts of the town. You will have to get a bus right outside the station to travel to the centre.<\/p>\n\n\n\n<p>Please, visit&nbsp;<a rel=\"noreferrer noopener\" href=\"http:\/\/www.cp.pt\/\" target=\"_blank\">www.cp.pt<\/a>&nbsp;(national train company website) for timetables and for further information.<\/p>\n\n\n\n<p style=\"font-size:30px\"><i class=\"fas fa-shuttle-van\"><\/i><\/p>\n\n\n\n<p>Buses leave from two different locations: from Terminal Rodovi\u00e1rio (main bus terminal, located close to the Jardim Zool\u00f3gico underground station) and from Oriente train station (to Portalegre, only). From the former, buses are more frequent; the best and cheapest way to get there is to get the underground, red line, from the airport to S. Sebasti\u00e3o station and then change to the blue line to Jardim Zool\u00f3gico (bound to Amadora or Col\u00e9gio Militar\/Luz); then follow the directions to Terminal Rodovi\u00e1rio (located outside the station); the bus ticket costs about 15\u20ac. Please, visit&nbsp;<a rel=\"noreferrer noopener\" href=\"http:\/\/www.rede-expressos.pt\/\" target=\"_blank\">www.rede-expressos.pt<\/a>&nbsp;(national bus company website) for timetables and for further information. To get from the airport to the Oriente, please follow the Metro directions above. For information on timetables and prices on buses to Portalegre from Oriente, please check at: <a href=\"http:\/\/www.rodalentejo.pt\" target=\"_blank\" rel=\"noreferrer noopener\">http:\/\/www.rodalentejo.pt<\/a><\/p>\n\n\n\n<p style=\"font-size:30px\"><i class=\"fas fa-car\"><\/i><\/p>\n\n\n\n<p>By car (If you rent a car, we advise you to pic one with via verde system), the quickest way to get to Portalegre is to use the A23 (North) motorway or the A6 (South) motorway. To follow the A23 motorway, leave Lisbon towards Norte\/Porto by the A1 motorway. After about 100 km, exit onto the A23, towards Castelo Branco\/Torres Novas\/Abrantes. Exit at exit 15, towards Portalegre\/Nisa. If you choose the A6, you must first follow A12\/Sul\/ Ponte Vasco da Gama, then exit towards A2, bound to Algarve\/\u00c9vora until the A6 exit towards Espanha\/\u00c9vora. Exit at Estremoz and continue on the IP2 until Portalegre.<\/p>\n\n\n\n<p>For Elvas, follow the route described above to Estremoz, but, instead of exiting onto Estremoz, keep on the A6 to Elvas.<\/p>\n","protected":false},"excerpt":{"rendered":"<p>The most convenient airport is Lisbon International Airport.&nbsp; A complimentary pick-up service will be organized<\/p>\n","protected":false},"author":1,"featured_media":0,"parent":21,"menu_order":2,"comment_status":"closed","ping_status":"closed","template":"","meta":{"inline_featured_image":false,"footnotes":""},"class_list":["post-25","page","type-page","status-publish","hentry"],"_links":{"self":[{"href":"https:\/\/internationalweek.ipportalegre.pt\/2024\/wp-json\/wp\/v2\/pages\/25","targetHints":{"allow":["GET"]}}],"collection":[{"href":"https:\/\/internationalweek.ipportalegre.pt\/2024\/wp-json\/wp\/v2\/pages"}],"about":[{"href":"https:\/\/internationalweek.ipportalegre.pt\/2024\/wp-json\/wp\/v2\/types\/page"}],"author":[{"embeddable":true,"href":"https:\/\/internationalweek.ipportalegre.pt\/2024\/wp-json\/wp\/v2\/users\/1"}],"replies":[{"embeddable":true,"href":"https:\/\/internationalweek.ipportalegre.pt\/2024\/wp-json\/wp\/v2\/comments?post=25"}],"version-history":[{"count":7,"href":"https:\/\/internationalweek.ipportalegre.pt\/2024\/wp-json\/wp\/v2\/pages\/25\/revisions"}],"predecessor-version":[{"id":486,"href":"https:\/\/internationalweek.ipportalegre.pt\/2024\/wp-json\/wp\/v2\/pages\/25\/revisions\/486"}],"up":[{"embeddable":true,"href":"https:\/\/internationalweek.ipportalegre.pt\/2024\/wp-json\/wp\/v2\/pages\/21"}],"wp:attachment":[{"href":"https:\/\/internationalweek.ipportalegre.pt\/2024\/wp-json\/wp\/v2\/media?parent=25"}],"curies":[{"name":"wp","href":"https:\/\/api.w.org\/{rel}","templated":true}]}}