{"id":17,"date":"2022-02-16T14:48:26","date_gmt":"2022-02-16T14:48:26","guid":{"rendered":"http:\/\/internationalweek.ipportalegre.pt\/2023\/?page_id=17"},"modified":"2023-05-03T09:55:19","modified_gmt":"2023-05-03T09:55:19","slug":"programme","status":"publish","type":"page","link":"https:\/\/internationalweek.ipportalegre.pt\/2023\/programme\/","title":{"rendered":"Programme"},"content":{"rendered":"\n<p class=\"has-white-color has-text-color has-background has-medium-font-size\" style=\"background-color:#862266\"><strong>1 may 2023<\/strong><\/p>\n\n\n\n<p class=\"has-background\" style=\"background-color:#1d9ebd\"><mark style=\"background-color:rgba(0, 0, 0, 0)\" class=\"has-inline-color has-white-color\"><strong style=\"font-weight: bold;\">16:40<\/strong><b>\u00a0  <\/b><strong style=\"font-weight: bold;\"><i class=\"fas fa-shuttle-van\"><\/i><\/strong><b>\u00a0  <\/b><strong>Bus transfer to Portalegre <\/strong>(Meeting Point of Lisbon International Airport)<\/mark><\/p>\n\n\n\n<div style=\"height:50px\" aria-hidden=\"true\" class=\"wp-block-spacer\"><\/div>\n\n\n\n<p class=\"has-white-color has-text-color has-background has-medium-font-size\" style=\"background-color:#862266\"><strong>2 may 2023<\/strong><\/p>\n\n\n\n<figure class=\"wp-block-table is-style-stripes\"><table><tbody><tr><td class=\"has-text-align-center\" data-align=\"center\"><strong>09:00<\/strong><\/td><td><i class=\"fas fa-shuttle-van\"><\/i><\/td><td>Bus transfer from Rossio (Meeting Point) in Portalegre for the Campus Polit\u00e9cnico of Portalegre<\/td><\/tr><tr><td class=\"has-text-align-center\" data-align=\"center\"><strong>09:30-10:00<\/strong><\/td><td><i class=\"fas fa-user-friends\"><\/i><\/td><td>Check in (Anfiteatro E1, Campus Polit\u00e9cnico, Portalegre)&nbsp;<\/td><\/tr><tr><td class=\"has-text-align-center\" data-align=\"center\"><strong>10:00-10:30<\/strong><\/td><td><i class=\"fas fa-user-friends\"><\/i><\/td><td>Official Reception at IPP (Anfiteatro E1, Campus Polit\u00e9cnico, Portalegre)<\/td><\/tr><tr><td class=\"has-text-align-center\" data-align=\"center\"><strong>10:30-13:00<\/strong><\/td><td><i class=\"fas fa-chalkboard-teacher\"><\/i><\/td><td>Presentation of participant institutions (10 minutes each, maximum) (Anfiteatro E1, Campus Polit\u00e9cnico, Portalegre)<\/td><\/tr><tr><td class=\"has-text-align-center\" data-align=\"center\"><strong>13:00-14:15<\/strong><\/td><td><i class=\"fas fa-utensils\"><\/i><\/td><td>International Tastes: bring your own taste and enjoy ours!&nbsp;(Sala 135, espa\u00e7o lounge da BioBIP2TechTransfer, Campus Polit\u00e9cnico, Portalegre) (Dress Code: INFORMAL)<\/td><\/tr><tr><td class=\"has-text-align-center\" data-align=\"center\"><strong>14:30-18:30<\/strong><\/td><td><i class=\"fas fa-user-friends\"><\/i><\/td><td>Visit to the medieval village of Marv\u00e3o (15 km from Portalegre)<\/td><\/tr><tr><td class=\"has-text-align-center\" data-align=\"center\"><strong>18:30<\/strong><\/td><td><i class=\"fas fa-shuttle-van\"><\/i><\/td><td>Departure from Marv\u00e3o to Portalegre (Rossio)<\/td><\/tr><tr><td class=\"has-text-align-center\" data-align=\"center\"><\/td><td><\/td><td><\/td><\/tr><\/tbody><\/table><\/figure>\n\n\n\n<div style=\"height:50px\" aria-hidden=\"true\" class=\"wp-block-spacer\"><\/div>\n\n\n\n<p class=\"has-white-color has-text-color has-background has-medium-font-size\" style=\"background-color:#862266\"><strong>3 may 2023<\/strong><\/p>\n\n\n\n<figure class=\"wp-block-table is-style-stripes\"><table><tbody><tr><td class=\"has-text-align-center\" data-align=\"center\"><strong>09:50<\/strong><\/td><td><i class=\"fas fa-map-marker-alt\"><\/i><\/td><td>Meeting Point: Servi\u00e7os Centrais do Instituto Polit\u00e9cnico de Portalegre (near the Cathedral of Portalegre)<\/td><\/tr><tr><td class=\"has-text-align-center\" data-align=\"center\"><strong>10:00-11:30<\/strong><\/td><td><i class=\"fas fa-chalkboard-teacher\"><\/i><\/td><td><strong>ACADEMICS AND NON-ACADEMICS<\/strong> &#8211; Visit to Servi\u00e7os Centrais (IPP Central Services) and Escola Superior de Educa\u00e7\u00e3o e Ci\u00eancias Sociais (IPP School in Portalegre)<\/td><\/tr><tr><td class=\"has-text-align-center\" data-align=\"center\"><strong>11:30<\/strong><\/td><td><i class=\"fas fa-shuttle-van\"><\/i><\/td><td>Bus transfer from Centro de Artes e Espet\u00e1culo (Meeting Point) to the Campus Polit\u00e9cnico of Portalegre&nbsp;<\/td><\/tr><tr><td class=\"has-text-align-center\" data-align=\"center\"><strong>11:45-13:00<\/strong><\/td><td><i class=\"fas fa-chalkboard-teacher\"><\/i><\/td><td><strong>ACADEMICS AND NON-ACADEMICS<\/strong> &#8211; Visit to Escola Superior de Sa\u00fade, Escola Superior de Tecnologia e Gest\u00e3o (IPP Schools in Campus Polit\u00e9cnico) and BioBIP (Bioenergy and Business Incubator of Portalegre (in Campus Polit\u00e9cnico)<\/td><\/tr><tr><td class=\"has-text-align-center\" data-align=\"center\"><strong>13:00<\/strong><\/td><td><i class=\"fas fa-shuttle-van\"><\/i><\/td><td>Bus transfer from the Campus Polit\u00e9cnico of Portalegre (Meeting Point) to Rossio\u00a0<\/td><\/tr><tr><td class=\"has-text-align-center\" data-align=\"center\"><strong>13:00-14:45<\/strong><\/td><td><i class=\"fas fa-utensils\"><\/i><\/td><td>Free lunch<\/td><\/tr><tr><td class=\"has-text-align-center\" data-align=\"center\"><strong><strong>15:00-18:00<\/strong><\/strong><\/td><td><i class=\"fas fa-chalkboard-teacher\"><\/i><\/td><td><strong>ACADEMICS<\/strong> &#8211; Teaching missions<\/td><\/tr><tr><td class=\"has-text-align-center\" data-align=\"center\"><strong><strong><strong><strong>15:00-18:00<\/strong><\/strong><\/strong><\/strong><\/td><td><i class=\"fas fa-user-friends\"><\/i><\/td><td><strong>ACADEMICS AND NON-ACADEMICS<\/strong> &#8211; (Meeting Point: Rossio)&nbsp;Local Visits: Museu da Tape\u00e7aria, Museu Municipal and Casa Museu Jos\u00e9 R\u00e9gio<\/td><\/tr><tr><td class=\"has-text-align-center\" data-align=\"center\"><strong>19:30<\/strong><\/td><td><i class=\"fas fa-utensils\"><\/i><\/td><td>Dinner in the Claustros do Convento de Santa Clara, Portalegre (Dress Code: BLACK TIE OPTIONAL)<\/td><\/tr><\/tbody><\/table><\/figure>\n\n\n\n<div style=\"height:50px\" aria-hidden=\"true\" class=\"wp-block-spacer\"><\/div>\n\n\n\n<p class=\"has-white-color has-text-color has-background has-medium-font-size\" style=\"background-color:#862266\"><strong>4 may 2023<\/strong><\/p>\n\n\n\n<figure class=\"wp-block-table is-style-stripes\"><table><tbody><tr><td class=\"has-text-align-center\" data-align=\"center\"><strong>08:30<\/strong><\/td><td><i class=\"fas fa-shuttle-van\"><\/i><\/td><td>Transfer from Rossio (Meeting Point) for the Campus Polit\u00e9cnico of Portalegre<\/td><\/tr><tr><td class=\"has-text-align-center\" data-align=\"center\"><strong><strong>09:00-13:00<\/strong><\/strong><\/td><td><i class=\"fas fa-chalkboard-teacher\"><\/i><\/td><td><strong>ACADEMICS<\/strong> &#8211; Teaching missions<\/td><\/tr><tr><td class=\"has-text-align-center\" data-align=\"center\"><strong>10:00-11:00<\/strong><\/td><td><i class=\"fas fa-chalkboard-teacher\"><\/i><\/td><td><strong>ACADEMICS AND NON-ACADEMICS <\/strong>&#8211; Portuguese Language For Foreigners by Professor Helena Cameron (Audit\u00f3rio dos Servi\u00e7os Centrais, Portalegre)<\/td><\/tr><tr><td class=\"has-text-align-center\" data-align=\"center\"><strong>11:00-13:00<\/strong><\/td><td><i class=\"fas fa-chalkboard-teacher\"><\/i><\/td><td><strong>NON-ACADEMICS<\/strong> &#8211; Presentation and exchange of best practises from the different institutions (10 minutes each, maximum) (Audit\u00f3rio dos Servi\u00e7os Centrais, Portalegre)<\/td><\/tr><tr><td class=\"has-text-align-center\" data-align=\"center\"><strong>13:10<\/strong><\/td><td><i class=\"fas fa-shuttle-van\"><\/i><\/td><td>Transfer from the Campus Polit\u00e9cnico of Portalegre to Rossio (Meeting Point)<\/td><\/tr><tr><td class=\"has-text-align-center\" data-align=\"center\"><strong>13:00-14:45<\/strong><\/td><td><i class=\"fas fa-utensils\"><\/i><\/td><td>Free lunch<\/td><\/tr><tr><td class=\"has-text-align-center\" data-align=\"center\"><strong><strong>15:00-18:00<\/strong><\/strong><\/td><td><i class=\"fas fa-chalkboard-teacher\"><\/i><\/td><td><strong>ACADEMICS <\/strong>&#8211; Teaching missions<\/td><\/tr><tr><td class=\"has-text-align-center\" data-align=\"center\"><strong><strong><strong><strong>15:00-16:00<\/strong><\/strong><\/strong><\/strong><\/td><td><i class=\"fas fa-user-friends\"><\/i><\/td><td><strong>ACADEMICS AND NON-ACADEMICS<\/strong> &#8211; Portuguese Culture For Foreigners by Professor Lu\u00eds Cardoso (Audit\u00f3rio dos Servi\u00e7os Centrais, Portalegre)<\/td><\/tr><\/tbody><\/table><\/figure>\n\n\n\n<div style=\"height:50px\" aria-hidden=\"true\" class=\"wp-block-spacer\"><\/div>\n\n\n\n<p class=\"has-white-color has-text-color has-background has-medium-font-size\" style=\"background-color:#862266\"><strong>5 may 2023<\/strong><\/p>\n\n\n\n<figure class=\"wp-block-table is-style-stripes\"><table><tbody><tr><td class=\"has-text-align-center\" data-align=\"center\"><strong>10:00<\/strong><\/td><td><i class=\"fas fa-shuttle-van\"><\/i><\/td><td>Departure from Rossio (Meeting Point) in Portalegre to Elvas<\/td><\/tr><tr><td class=\"has-text-align-center\" data-align=\"center\"><strong><strong><strong><strong><strong><strong>11:00-11:50<\/strong><\/strong><\/strong><\/strong><\/strong><\/strong><\/td><td><i class=\"fas fa-user-friends\"><\/i><\/td><td>Visit to Escola Superior Agr\u00e1ria de Elvas (IPP School in Elvas)<\/td><\/tr><tr><td class=\"has-text-align-center\" data-align=\"center\"><strong>12:00<\/strong><\/td><td><i class=\"fas fa-shuttle-van\"><\/i><\/td><td>Departure from Elvas (Meeting Point: In front of the Hotel D. Lu\u00eds) to Campo Maior<\/td><\/tr><tr><td class=\"has-text-align-center\" data-align=\"center\"><strong><strong><strong><strong><strong><strong>12:30-13:30<\/strong><\/strong><\/strong><\/strong><\/strong><\/strong><\/td><td><i class=\"fas fa-user-friends\"><\/i><\/td><td>Visit to the Adega Mayor Wine Cellars (Campo Maior)<\/td><\/tr><tr><td class=\"has-text-align-center\" data-align=\"center\"><strong><strong><strong><strong><strong><strong>13:30-15:30<\/strong><\/strong><\/strong><\/strong><\/strong><\/strong><\/td><td><i class=\"fas fa-user-friends\"><\/i><\/td><td>Lunch at&nbsp;Herdade dos Adaens<\/td><\/tr><tr><td class=\"has-text-align-center\" data-align=\"center\"><strong><strong><strong><strong>15:30<\/strong><\/strong><\/strong><\/strong><\/td><td><i class=\"fas fa-user-friends\"><\/i><\/td><td>Visit to the Coffee Science Centre and coffee workshop<\/td><\/tr><\/tbody><\/table><\/figure>\n\n\n\n<div style=\"height:50px\" aria-hidden=\"true\" class=\"wp-block-spacer\"><\/div>\n\n\n\n<p class=\"has-white-color has-text-color has-background has-medium-font-size\" style=\"background-color:#862266\"><strong>6 may 2023<\/strong><\/p>\n\n\n\n<p class=\"has-background\" style=\"background-color:#1d9ebd\"><mark style=\"background-color:rgba(0, 0, 0, 0)\" class=\"has-inline-color has-white-color\"><strong>06:30      <strong>\u00a0\u00a0\u00a0\u00a0\u00a0<i class=\"fas fa-shuttle-van\"><\/i><\/strong><mark style=\"background-color:rgba(0, 0, 0, 0)\" class=\"has-inline-color has-white-color\"><strong>\u00a0\u00a0\u00a0\u00a0\u00a0<\/strong><\/mark>Departure from Portalegre (Meeting Point: Rossio): Bus transfer to the Lisbon International Airport<\/strong><\/mark><\/p>\n","protected":false},"excerpt":{"rendered":"<p>1 may 2023 16:40\u00a0 \u00a0 Bus transfer to Portalegre (Meeting Point of Lisbon International Airport)<\/p>\n","protected":false},"author":1,"featured_media":0,"parent":0,"menu_order":0,"comment_status":"closed","ping_status":"closed","template":"","meta":{"inline_featured_image":false,"footnotes":""},"class_list":["post-17","page","type-page","status-publish","hentry"],"_links":{"self":[{"href":"https:\/\/internationalweek.ipportalegre.pt\/2023\/wp-json\/wp\/v2\/pages\/17","targetHints":{"allow":["GET"]}}],"collection":[{"href":"https:\/\/internationalweek.ipportalegre.pt\/2023\/wp-json\/wp\/v2\/pages"}],"about":[{"href":"https:\/\/internationalweek.ipportalegre.pt\/2023\/wp-json\/wp\/v2\/types\/page"}],"author":[{"embeddable":true,"href":"https:\/\/internationalweek.ipportalegre.pt\/2023\/wp-json\/wp\/v2\/users\/1"}],"replies":[{"embeddable":true,"href":"https:\/\/internationalweek.ipportalegre.pt\/2023\/wp-json\/wp\/v2\/comments?post=17"}],"version-history":[{"count":78,"href":"https:\/\/internationalweek.ipportalegre.pt\/2023\/wp-json\/wp\/v2\/pages\/17\/revisions"}],"predecessor-version":[{"id":460,"href":"https:\/\/internationalweek.ipportalegre.pt\/2023\/wp-json\/wp\/v2\/pages\/17\/revisions\/460"}],"wp:attachment":[{"href":"https:\/\/internationalweek.ipportalegre.pt\/2023\/wp-json\/wp\/v2\/media?parent=17"}],"curies":[{"name":"wp","href":"https:\/\/api.w.org\/{rel}","templated":true}]}}